{"id":506,"date":"2025-09-26T12:12:59","date_gmt":"2025-09-26T10:12:59","guid":{"rendered":"https:\/\/north-cape.no\/north-cape-accommodation\/"},"modified":"2025-09-26T12:12:59","modified_gmt":"2025-09-26T10:12:59","slug":"north-cape-accommodation","status":"publish","type":"page","link":"https:\/\/north-cape.no\/de\/","title":{"rendered":"North Cape Accommodation"},"content":{"rendered":"<p>Wir bieten Stellpl\u00e4tze f\u00fcr Wohnmobile sowie die Vermietung von H\u00fctten, Zimmern und Apartments an. Wir haben keine M\u00f6glichkeit f\u00fcr Zelte und Wohnwagen. <\/p>\n<p>Das Dorf Repv\u00e5g liegt inmitten wundersch\u00f6ner Natur mit sch\u00f6nen Wandergebieten in ruhiger Umgebung und einem eigenen Strand f\u00fcr ein erfrischendes Bad.<\/p>\n<h3>Unterkunft am Nordkap<\/h3>\n<p>Dies ist die ideale Unterkunft f\u00fcr diejenigen, die das Nordkap besuchen m\u00f6chten.<\/p>\n<p>Stellen Sie Ihr Gep\u00e4ck ab, unternehmen Sie Tagesausfl\u00fcge in der Gemeinde und erledigen Sie Ihre Vorhaben. So sparen Sie 2 Stunden Fahrt f\u00fcr Ihre Weiterreise am Abreisetag.<\/p>\n<h3>Kiosk<\/h3>\n<p>Kiosk mit Verkauf von Eis, Softdrinks, Chips, S\u00fc\u00dfigkeiten und verschiedenen Lebensmitteln, tiefgek\u00fchlten Fertiggerichten und Trockenwaren. Wir haben kein Restaurant, aber gute Kochm\u00f6glichkeiten in allen Einheiten und eine Gemeinschaftsk\u00fcche.<\/p>\n<h3>Hohe Bewertung<\/h3>\n<p>Wir haben die Zusammenarbeit mit Booking.com beendet, wo wir eine G\u00e4stebewertung von 8,7 Punkten hatten. Jetzt nehmen wir nur noch Direktbuchungen \u00fcber unsere eigene Webseite entgegen und hei\u00dfen alle bei uns willkommen.<\/p>\n","protected":false},"excerpt":{"rendered":"<p>North Cape Accommodation liegt in der Gemeinde Nordkapp und befindet sich mitten im Porsangerfjord.<\/p>\n","protected":false},"author":1,"featured_media":507,"parent":0,"menu_order":0,"comment_status":"closed","ping_status":"closed","template":"","meta":{"_acf_changed":false,"footnotes":""},"class_list":["post-506","page","type-page","status-publish","has-post-thumbnail","hentry"],"acf":[],"_links":{"self":[{"href":"https:\/\/north-cape.no\/de\/wp-json\/wp\/v2\/pages\/506","targetHints":{"allow":["GET"]}}],"collection":[{"href":"https:\/\/north-cape.no\/de\/wp-json\/wp\/v2\/pages"}],"about":[{"href":"https:\/\/north-cape.no\/de\/wp-json\/wp\/v2\/types\/page"}],"author":[{"embeddable":true,"href":"https:\/\/north-cape.no\/de\/wp-json\/wp\/v2\/users\/1"}],"replies":[{"embeddable":true,"href":"https:\/\/north-cape.no\/de\/wp-json\/wp\/v2\/comments?post=506"}],"version-history":[{"count":0,"href":"https:\/\/north-cape.no\/de\/wp-json\/wp\/v2\/pages\/506\/revisions"}],"wp:featuredmedia":[{"embeddable":true,"href":"https:\/\/north-cape.no\/de\/wp-json\/wp\/v2\/media\/507"}],"wp:attachment":[{"href":"https:\/\/north-cape.no\/de\/wp-json\/wp\/v2\/media?parent=506"}],"curies":[{"name":"wp","href":"https:\/\/api.w.org\/{rel}","templated":true}]}}