{"id":509,"date":"2025-09-25T15:59:44","date_gmt":"2025-09-25T13:59:44","guid":{"rendered":"https:\/\/north-cape.no\/datenschutzerklaerung\/"},"modified":"2025-09-25T15:59:44","modified_gmt":"2025-09-25T13:59:44","slug":"datenschutzerklaerung","status":"publish","type":"page","link":"https:\/\/north-cape.no\/de\/datenschutzerklaerung\/","title":{"rendered":"Datenschutzerkl\u00e4rung"},"content":{"rendered":"<p>Wie wir Ihre Daten verarbeiten und den Datenschutz handhaben.<\/p>\n<p><strong>Kontaktformulare<\/strong><br \/>\nWenn Sie ein Kontaktformular ausf\u00fcllen, werden die von Ihnen eingegebenen Informationen sowie Ihre IP-Adresse in unserer Datenbank gespeichert und automatisch per E-Mail an uns gesendet. Ihre IP-Adresse wird nicht zusammen mit der E-Mail versendet. <\/p>\n<p><strong>Eingebettete Inhalte von anderen Websites<\/strong><br \/>\nArtikel auf dieser Seite k\u00f6nnen eingebettete Inhalte enthalten (z. B. Videos, Bilder, Artikel usw.). Eingebettete Inhalte von anderen Websites verhalten sich genau so, als ob der Besucher die Website besucht h\u00e4tte, von der der eingebettete Inhalt stammt. Diese Websites k\u00f6nnen Daten \u00fcber Sie sammeln, Cookies verwenden oder Tracking-Systeme von Drittanbietern einbetten und \u00fcberwachen, was Sie \u00fcber diese eingebetteten Inhalte tun. Dies umfasst auch die Verfolgung Ihrer Handlungen \u00fcber die eingebetteten Inhalte, wenn Sie ein Konto haben und auf der Website angemeldet sind.   <\/p>\n<p><strong>Google Analytics<\/strong><br \/>\nWir verwenden Google Analytics, um zu sehen, wie die Nutzer unsere Homepage nutzen. Ihre IP-Adresse wird pseudo-anonymisiert, so dass Sie als Person nicht identifiziert werden k\u00f6nnen. <\/p>\n<p>&nbsp;<\/p>\n<h3>Mit wem wir Ihre Daten teilen<\/h3>\n<p>Ihre Daten werden nur mit unserem Partner f\u00fcr Webentwicklung geteilt, und nicht mit anderen.<\/p>\n<h3>Wie lange wir Daten \u00fcber Sie speichern<\/h3>\n<p><strong>Google Analytics<\/strong><br \/>\nDaten bei Google Analytics werden nach 14 Monaten gel\u00f6scht, unabh\u00e4ngig von Ihrer Aktivit\u00e4t auf der Website.<\/p>\n<p><strong>L\u00f6schung von Daten<\/strong><br \/>\nWenn Sie m\u00f6chten, dass Ihre Daten aus unseren Systemen gel\u00f6scht werden, senden Sie uns eine E-Mail oder nutzen Sie das Kontaktformular.<\/p>\n<p>&nbsp;<\/p>\n<h2>Cookie-Richtlinie<\/h2>\n<div>\n<div class=\"CookieDeclaration\" dir=\"ltr\" lang=\"nb\">\n<p class=\"CookieDeclarationDialogText\">Die Webseite verwendet Cookies. Alle Informationen sind anonym und werden verwendet, um unseren Traffic zu analysieren und Anzeigen zu optimieren. <\/p>\n<p>Diese Webseite verwendet Cookies verschiedener Art. Einige werden von Drittanbietern eingef\u00fcgt, die auf unseren Seiten angezeigt werden &#8211; z. B. eingebettete Videos. Wir verwenden Cookies, um Anzeigen zu optimieren und unseren Traffic zu analysieren. <\/p>\n<p>Cookies sind kleine Textdateien, die die Nutzung der Webseite vereinfachen. Es handelt sich nicht um ein Programm oder einen Virus. Cookies k\u00f6nnen einfach in Ihrem Browser \u00fcber die Einstellungen gel\u00f6scht oder deaktiviert werden.  <\/p>\n<\/div>\n<\/div>\n<style>\n    a.cky-banner-element {<br \/>        padding: 8px 30px;<br \/>        background: #F8F9FA;<br \/>        color: #858A8F;<br \/>        border: 1px solid #DEE2E6;<br \/>        box-sizing: border-box;<br \/>        border-radius: 2px;<br \/>        cursor: pointer;<br \/>}<br \/><\/style>\n<h2>Wir verwenden diese Cookies<\/h2>\n<div class=\"cky-audit-table-element\"><\/div>\n<p>&nbsp;<\/p>\n<h2>So lehnen Sie Cookies ab oder l\u00f6schen sie<\/h2>\n<p>Sie k\u00f6nnen Ihre <span style=\"text-decoration: underline;\"><br \/>\n  <strong><br \/>\n    <a class=\"cky-banner-element\">Cookie-Einstellungen jederzeit \u00e4ndern, indem Sie hier klicken<\/a><br \/>\n  <\/strong><br \/>\n<\/span>. Dann wird das Banner erneut angezeigt, und Sie k\u00f6nnen die Einstellungen \u00e4ndern oder Ihre Einwilligung widerrufen. <\/p>\n<h3>Ablehnung von Cookies:<\/h3>\n<p>Sie k\u00f6nnen Cookies jederzeit auf Ihrem PC ablehnen, indem Sie die Einstellungen in Ihrem Internetbrowser \u00e4ndern. Wo Sie diese Einstellungen finden, h\u00e4ngt davon ab, welchen Browser Sie verwenden. Sie sollten sich jedoch bewusst sein, dass Sie in diesem Fall viele Funktionen und Dienste nicht nutzen k\u00f6nnen, da diese Funktionen und Dienste voraussetzen, dass sich die Homepage die von Ihnen getroffenen Auswahlen merken kann.  <\/p>\n<p>Sie k\u00f6nnen ausw\u00e4hlen, welche Werbenetzwerke Ihre personenbezogenen Daten nicht \u00fcber verschiedene solcher Netzwerke hinweg teilen sollen, <a href=\"http:\/\/www.youronlinechoices.com\/nor\/dine-valg\" target=\"_blank\" rel=\"noopener noreferrer\">indem Sie hier klicken<\/a>.<\/p>\n<h3>L\u00f6schung von Cookies:<\/h3>\n<p>Cookies, die Sie zuvor akzeptiert haben, k\u00f6nnen sp\u00e4ter einfach gel\u00f6scht werden. Wenn Sie einen PC mit einem neueren Internetbrowser verwenden, k\u00f6nnen Sie Ihre Cookies l\u00f6schen, indem Sie die Tastenkombinationen: STRG + UMSCHALT + ENTF verwenden. Wenn diese nicht funktionieren und\/oder Sie einen MAC verwenden, m\u00fcssen Sie zuerst kl\u00e4ren, welchen Browser Sie verwenden, und dann auf den entsprechenden Link unten klicken:  <\/p>\n<ul>\n<li><a href=\"https:\/\/support.microsoft.com\/nb-no\/windows\/slette-og-administrere-informasjonskapsler-168dab11-0753-043d-7c16-ede5947fc64d\" target=\"_blank\" rel=\"noopener noreferrer\">Internet Explorer<\/a><\/li>\n<li><a href=\"https:\/\/support.mozilla.org\/da\/kb\/slet-cookies-fjerne-oplysninger-fra-websteder?redirectslug=slet-cookies-fjerne-oplysninger-som-websteder-har-&amp;redirectlocale=da\" target=\"_blank\" rel=\"noopener noreferrer\">Mozilla Firefox<\/a><\/li>\n<li><a href=\"https:\/\/support.google.com\/chrome\/answer\/95647?hl=da\" target=\"_blank\" rel=\"noopener noreferrer\">Google Chrome<\/a><\/li>\n<li><a href=\"https:\/\/help.opera.com\/en\/latest\/web-preferences\/\" target=\"_blank\" rel=\"noopener noreferrer\">Opera<\/a><\/li>\n<li><a href=\"https:\/\/support.apple.com\/da-dk\/HT1677\" target=\"_blank\" rel=\"noopener noreferrer\">Safari<\/a><\/li>\n<li><a href=\"http:\/\/www.macromedia.com\/support\/documentation\/en\/flashplayer\/help\/settings_manager07.html\" target=\"_blank\" rel=\"noopener noreferrer\">Flash-Cookies<\/a><\/li>\n<li><a href=\"https:\/\/support.apple.com\/da-dk\/HT201265\" target=\"_blank\" rel=\"noopener noreferrer\">Apple<\/a><\/li>\n<li><a href=\"https:\/\/timeread.hubpages.com\/hub\/How-to-delete-internet-cookies-on-your-Droid-or-any-Android-device\" target=\"_blank\" rel=\"noopener noreferrer\">Android<\/a><\/li>\n<li><a href=\"https:\/\/support.microsoft.com\/nb-no\/windows\/windows-phone-7-3ebc303c-59c0-d367-3995-f258b184fabb\" target=\"_blank\" rel=\"noopener noreferrer\">Windows 7<\/a><\/li>\n<\/ul>\n<p>Hinweis: Wenn Sie mehrere Internetbrowser verwenden, m\u00fcssen Sie Cookies in jedem einzelnen l\u00f6schen.<\/p>\n","protected":false},"excerpt":{"rendered":"<p>Wie wir Ihre Daten verarbeiten und den Datenschutz handhaben. Kontaktformulare Wenn Sie ein Kontaktformular ausf\u00fcllen, werden die von Ihnen eingegebenen Informationen sowie Ihre IP-Adresse in unserer Datenbank gespeichert und automatisch per E-Mail an uns gesendet. Ihre IP-Adresse wird nicht zusammen mit der E-Mail versendet. Eingebettete Inhalte von anderen Websites Artikel auf dieser Seite k\u00f6nnen eingebettete [&hellip;]<\/p>\n","protected":false},"author":1,"featured_media":0,"parent":0,"menu_order":0,"comment_status":"closed","ping_status":"open","template":"","meta":{"_acf_changed":false,"footnotes":""},"class_list":["post-509","page","type-page","status-publish","hentry"],"acf":[],"_links":{"self":[{"href":"https:\/\/north-cape.no\/de\/wp-json\/wp\/v2\/pages\/509","targetHints":{"allow":["GET"]}}],"collection":[{"href":"https:\/\/north-cape.no\/de\/wp-json\/wp\/v2\/pages"}],"about":[{"href":"https:\/\/north-cape.no\/de\/wp-json\/wp\/v2\/types\/page"}],"author":[{"embeddable":true,"href":"https:\/\/north-cape.no\/de\/wp-json\/wp\/v2\/users\/1"}],"replies":[{"embeddable":true,"href":"https:\/\/north-cape.no\/de\/wp-json\/wp\/v2\/comments?post=509"}],"version-history":[{"count":0,"href":"https:\/\/north-cape.no\/de\/wp-json\/wp\/v2\/pages\/509\/revisions"}],"wp:attachment":[{"href":"https:\/\/north-cape.no\/de\/wp-json\/wp\/v2\/media?parent=509"}],"curies":[{"name":"wp","href":"https:\/\/api.w.org\/{rel}","templated":true}]}}