{"id":515,"date":"2025-09-25T15:59:44","date_gmt":"2025-09-25T13:59:44","guid":{"rendered":"https:\/\/north-cape.no\/tietosuojaseloste\/"},"modified":"2025-09-25T15:59:44","modified_gmt":"2025-09-25T13:59:44","slug":"tietosuojaseloste","status":"publish","type":"page","link":"https:\/\/north-cape.no\/fi\/tietosuojaseloste\/","title":{"rendered":"Tietosuojaseloste"},"content":{"rendered":"<p>N\u00e4in k\u00e4sittelemme tietojasi ja huolehdimme tietosuojasta.<\/p>\n<p><strong>Yhteydenottolomakkeet<\/strong><br \/>\nKun t\u00e4yt\u00e4t yhteydenottolomakkeen, antamasi tiedot sek\u00e4 IP-osoitteesi tallennetaan tietokantaamme ja l\u00e4hetet\u00e4\u00e4n automaattisesti meille s\u00e4hk\u00f6postitse. IP-osoitettasi ei l\u00e4hetet\u00e4 s\u00e4hk\u00f6postin mukana. <\/p>\n<p><strong>Muilta verkkosivustoilta upotettu sis\u00e4lt\u00f6<\/strong><br \/>\nT\u00e4m\u00e4n sivuston artikkelit voivat sis\u00e4lt\u00e4\u00e4 upotettua sis\u00e4lt\u00f6\u00e4 (esim. videoita, kuvia, artikkeleita jne.). Muilta sivustoilta upotettu sis\u00e4lt\u00f6 k\u00e4ytt\u00e4ytyy t\u00e4sm\u00e4lleen samalla tavalla kuin jos vierailija olisi k\u00e4ynyt kyseisell\u00e4 sivustolla. N\u00e4m\u00e4 verkkosivustot voivat ker\u00e4t\u00e4 tietoja sinusta, k\u00e4ytt\u00e4\u00e4 ev\u00e4steit\u00e4, upottaa kolmannen osapuolen seurantaj\u00e4rjestelmi\u00e4 ja seurata toimintaasi upotetun sis\u00e4ll\u00f6n kautta. T\u00e4m\u00e4 koskee my\u00f6s toimintasi seurantaa upotetun sis\u00e4ll\u00f6n kautta, jos sinulla on tili ja olet kirjautunut sis\u00e4\u00e4n kyseiselle sivustolle.   <\/p>\n<p><strong>Google Analytics<\/strong><br \/>\nK\u00e4yt\u00e4mme Google Analyticsia n\u00e4hd\u00e4ksemme, miten k\u00e4ytt\u00e4j\u00e4t k\u00e4ytt\u00e4v\u00e4t verkkosivustoamme. IP-osoitteesi pseudonymisoidaan niin, ettei sinua voida tunnistaa henkil\u00f6n\u00e4. <\/p>\n<p>&nbsp;<\/p>\n<h3>Kenelle jaamme tietojasi<\/h3>\n<p>Tietojasi jaetaan vain verkkokehityksen kumppanimme kanssa, ei kenenk\u00e4\u00e4n muun.<\/p>\n<h3>Kuinka kauan s\u00e4ilyt\u00e4mme tietojasi<\/h3>\n<p><strong>Google Analytics<\/strong><br \/>\nGoogle Analyticsin tiedot poistetaan 14 kuukauden kuluttua riippumatta aktiivisuudestasi sivustolla.<\/p>\n<p><strong>Tietojen poistaminen<\/strong><br \/>\nJos haluat, ett\u00e4 tietosi poistetaan j\u00e4rjestelmist\u00e4mme, l\u00e4het\u00e4 meille s\u00e4hk\u00f6postia tai k\u00e4yt\u00e4 yhteydenottolomaketta.<\/p>\n<p>&nbsp;<\/p>\n<h2>Ev\u00e4stek\u00e4yt\u00e4nt\u00f6<\/h2>\n<div>\n<div class=\"CookieDeclaration\" dir=\"ltr\" lang=\"nb\">\n<p class=\"CookieDeclarationDialogText\">Verkkosivusto k\u00e4ytt\u00e4\u00e4 ev\u00e4steit\u00e4. Kaikki tieto on anonyymi\u00e4, ja sit\u00e4 k\u00e4ytet\u00e4\u00e4n liikenteemme analysointiin ja mainosten optimointiin. <\/p>\n<p>T\u00e4m\u00e4 verkkosivusto k\u00e4ytt\u00e4\u00e4 erilaisia ev\u00e4steit\u00e4, joista osa on kolmansien osapuolten palveluiden asettamia, kuten esimerkiksi upotetut videot. K\u00e4yt\u00e4mme ev\u00e4steit\u00e4 mainosten optimointiin ja liikenteemme analysointiin. <\/p>\n<p>Ev\u00e4steet ovat pieni\u00e4 tekstitiedostoja, jotka helpottavat verkkosivuston k\u00e4ytt\u00f6\u00e4. Ne eiv\u00e4t ole ohjelmia tai viruksia. Ev\u00e4steet voi helposti poistaa tai est\u00e4\u00e4 selaimesi asetuksista.  <\/p>\n<\/div>\n<\/div>\n<style>\n    a.cky-banner-element {<br \/>        padding: 8px 30px;<br \/>        background: #F8F9FA;<br \/>        color: #858A8F;<br \/>        border: 1px solid #DEE2E6;<br \/>        box-sizing: border-box;<br \/>        border-radius: 2px;<br \/>        cursor: pointer;<br \/>}<br \/><\/style>\n<h2>K\u00e4yt\u00e4mme n\u00e4it\u00e4 ev\u00e4steit\u00e4<\/h2>\n<div class=\"cky-audit-table-element\"><\/div>\n<p>&nbsp;<\/p>\n<h2>N\u00e4in hylk\u00e4\u00e4t tai poistat ev\u00e4steesi<\/h2>\n<p>Voit <span style=\"text-decoration: underline;\"><br \/>\n  <strong><br \/>\n    <a class=\"cky-banner-element\">muuttaa ev\u00e4steasetuksiasi milloin tahansa klikkaamalla t\u00e4st\u00e4<\/a><br \/>\n  <\/strong><br \/>\n<\/span>. Saat silloin bannerin uudelleen n\u00e4kyviin, ja voit muuttaa asetuksia tai peruuttaa suostumuksesi. <\/p>\n<h3>Ev\u00e4steiden hylk\u00e4\u00e4minen:<\/h3>\n<p>Voit aina hyl\u00e4t\u00e4 ev\u00e4steet tietokoneellasi muuttamalla internet-selaimesi asetuksia. N\u00e4iden asetusten sijainti riippuu k\u00e4ytt\u00e4m\u00e4st\u00e4si selaimesta. Huomaa kuitenkin, ett\u00e4 jos teet n\u00e4in, monet toiminnot ja palvelut eiv\u00e4t ole k\u00e4ytett\u00e4viss\u00e4si, koska n\u00e4m\u00e4 toiminnot ja palvelut edellytt\u00e4v\u00e4t, ett\u00e4 verkkosivusto voi muistaa tekem\u00e4si valinnat.  <\/p>\n<p>Voit valita, mitk\u00e4 mainosverkostot eiv\u00e4t saa jakaa henkil\u00f6tietojasi eri verkostojen v\u00e4lill\u00e4 <a href=\"http:\/\/www.youronlinechoices.com\/nor\/dine-valg\" target=\"_blank\" rel=\"noopener noreferrer\">klikkaamalla t\u00e4st\u00e4<\/a>.<\/p>\n<h3>Ev\u00e4steiden poistaminen:<\/h3>\n<p>Aiemmin hyv\u00e4ksym\u00e4si ev\u00e4steet voi my\u00f6hemmin helposti poistaa. Jos k\u00e4yt\u00e4t tietokonetta, jossa on uudempi internet-selain, voit poistaa ev\u00e4steesi k\u00e4ytt\u00e4m\u00e4ll\u00e4 pikan\u00e4pp\u00e4imi\u00e4: CTRL + SHIFT + Delete. Jos n\u00e4m\u00e4 eiv\u00e4t toimi ja\/tai k\u00e4yt\u00e4t MAC-tietokonetta, sinun on ensin selvitett\u00e4v\u00e4, mit\u00e4 selainta k\u00e4yt\u00e4t ja sitten napsautettava alla olevaa asianmukaista linkki\u00e4:  <\/p>\n<ul>\n<li><a href=\"https:\/\/support.microsoft.com\/nb-no\/windows\/slette-og-administrere-informasjonskapsler-168dab11-0753-043d-7c16-ede5947fc64d\" target=\"_blank\" rel=\"noopener noreferrer\">Internet Explorer<\/a><\/li>\n<li><a href=\"https:\/\/support.mozilla.org\/da\/kb\/slet-cookies-fjerne-oplysninger-fra-websteder?redirectslug=slet-cookies-fjerne-oplysninger-som-websteder-har-&amp;redirectlocale=da\" target=\"_blank\" rel=\"noopener noreferrer\">Mozilla Firefox<\/a><\/li>\n<li><a href=\"https:\/\/support.google.com\/chrome\/answer\/95647?hl=da\" target=\"_blank\" rel=\"noopener noreferrer\">Google Chrome<\/a><\/li>\n<li><a href=\"https:\/\/help.opera.com\/en\/latest\/web-preferences\/\" target=\"_blank\" rel=\"noopener noreferrer\">Opera<\/a><\/li>\n<li><a href=\"https:\/\/support.apple.com\/da-dk\/HT1677\" target=\"_blank\" rel=\"noopener noreferrer\">Safari<\/a><\/li>\n<li><a href=\"http:\/\/www.macromedia.com\/support\/documentation\/en\/flashplayer\/help\/settings_manager07.html\" target=\"_blank\" rel=\"noopener noreferrer\">Flash-ev\u00e4steet<\/a><\/li>\n<li><a href=\"https:\/\/support.apple.com\/da-dk\/HT201265\" target=\"_blank\" rel=\"noopener noreferrer\">Apple<\/a><\/li>\n<li><a href=\"https:\/\/timeread.hubpages.com\/hub\/How-to-delete-internet-cookies-on-your-Droid-or-any-Android-device\" target=\"_blank\" rel=\"noopener noreferrer\">Android<\/a><\/li>\n<li><a href=\"https:\/\/support.microsoft.com\/nb-no\/windows\/windows-phone-7-3ebc303c-59c0-d367-3995-f258b184fabb\" target=\"_blank\" rel=\"noopener noreferrer\">Windows 7<\/a><\/li>\n<\/ul>\n<p>Muista: Jos k\u00e4yt\u00e4t useita internet-selaimia, sinun on poistettava ev\u00e4steet jokaisesta erikseen.<\/p>\n","protected":false},"excerpt":{"rendered":"<p>N\u00e4in k\u00e4sittelemme tietojasi ja huolehdimme tietosuojasta. Yhteydenottolomakkeet Kun t\u00e4yt\u00e4t yhteydenottolomakkeen, antamasi tiedot sek\u00e4 IP-osoitteesi tallennetaan tietokantaamme ja l\u00e4hetet\u00e4\u00e4n automaattisesti meille s\u00e4hk\u00f6postitse. IP-osoitettasi ei l\u00e4hetet\u00e4 s\u00e4hk\u00f6postin mukana. Muilta verkkosivustoilta upotettu sis\u00e4lt\u00f6 T\u00e4m\u00e4n sivuston artikkelit voivat sis\u00e4lt\u00e4\u00e4 upotettua sis\u00e4lt\u00f6\u00e4 (esim. videoita, kuvia, artikkeleita jne.). Muilta sivustoilta upotettu sis\u00e4lt\u00f6 k\u00e4ytt\u00e4ytyy t\u00e4sm\u00e4lleen samalla tavalla kuin jos vierailija olisi k\u00e4ynyt [&hellip;]<\/p>\n","protected":false},"author":1,"featured_media":0,"parent":0,"menu_order":0,"comment_status":"closed","ping_status":"open","template":"","meta":{"_acf_changed":false,"footnotes":""},"class_list":["post-515","page","type-page","status-publish","hentry"],"acf":[],"_links":{"self":[{"href":"https:\/\/north-cape.no\/fi\/wp-json\/wp\/v2\/pages\/515","targetHints":{"allow":["GET"]}}],"collection":[{"href":"https:\/\/north-cape.no\/fi\/wp-json\/wp\/v2\/pages"}],"about":[{"href":"https:\/\/north-cape.no\/fi\/wp-json\/wp\/v2\/types\/page"}],"author":[{"embeddable":true,"href":"https:\/\/north-cape.no\/fi\/wp-json\/wp\/v2\/users\/1"}],"replies":[{"embeddable":true,"href":"https:\/\/north-cape.no\/fi\/wp-json\/wp\/v2\/comments?post=515"}],"version-history":[{"count":0,"href":"https:\/\/north-cape.no\/fi\/wp-json\/wp\/v2\/pages\/515\/revisions"}],"wp:attachment":[{"href":"https:\/\/north-cape.no\/fi\/wp-json\/wp\/v2\/media?parent=515"}],"curies":[{"name":"wp","href":"https:\/\/api.w.org\/{rel}","templated":true}]}}