{"id":516,"date":"2025-09-26T12:12:59","date_gmt":"2025-09-26T10:12:59","guid":{"rendered":"https:\/\/north-cape.no\/north-cape-accommodation\/"},"modified":"2025-09-26T12:12:59","modified_gmt":"2025-09-26T10:12:59","slug":"north-cape-accommodation","status":"publish","type":"page","link":"https:\/\/north-cape.no\/fi\/","title":{"rendered":"North Cape Accommodation"},"content":{"rendered":"<p>Tarjoamme majoituspaikkoja asuntoautoille, vuokraamme m\u00f6kkej\u00e4, huoneita ja huoneistoja. Meill\u00e4 ei ole mahdollisuutta teltoille tai asuntovaunuille. <\/p>\n<p>Repv\u00e5g on kyl\u00e4, joka sijaitsee keskell\u00e4 kaunista luontoa, jossa on hienoja retkeilyalueita rauhallisessa ymp\u00e4rist\u00f6ss\u00e4 ja oma ranta virkist\u00e4v\u00e4\u00e4 pulahdusta varten.<\/p>\n<h3>Majoitus Nordkappissa<\/h3>\n<p>T\u00e4m\u00e4 on luonnollinen majoituspaikka teille, jotka aiotte vierailla Nordkappissa.<\/p>\n<p>J\u00e4t\u00e4 matkatavarat t\u00e4nne ja tee p\u00e4iv\u00e4retki\u00e4 kunnassa ja hoida asiasi. N\u00e4in s\u00e4\u00e4st\u00e4t kaksi tuntia ajoa l\u00e4ht\u00f6p\u00e4iv\u00e4n\u00e4si jatkaessasi matkaa.<\/p>\n<h3>Kioski myynteineen<\/h3>\n<p>Kioskissa myyd\u00e4\u00e4n j\u00e4\u00e4tel\u00f6\u00e4, virvoitusjuomia, sipsej\u00e4, makeisia ja erilaisia ruokia, pakastettuja valmisaterioita ja kuivatuotteita. Meill\u00e4 ei ole ravintolaa, mutta kaikissa yksik\u00f6iss\u00e4 ja yhteiskeitti\u00f6ss\u00e4 on hyv\u00e4t ruoanlaittomahdollisuudet.<\/p>\n<h3>Korkea arvostelu<\/h3>\n<p>Lopetimme yhteisty\u00f6n Booking.comin kanssa, jossa meill\u00e4 oli 8,7 pistett\u00e4 vierasarvosteluissa. Nyt otamme vastaan vain suoria varauksia oman verkkosivustomme kautta ja toivotamme kaikki tervetulleiksi luoksemme.<\/p>\n","protected":false},"excerpt":{"rendered":"<p>North Cape Accommodation sijaitsee Nordkappin kunnassa Porsangerinvuonon keskell\u00e4.<\/p>\n","protected":false},"author":1,"featured_media":519,"parent":0,"menu_order":0,"comment_status":"closed","ping_status":"closed","template":"","meta":{"_acf_changed":false,"footnotes":""},"class_list":["post-516","page","type-page","status-publish","has-post-thumbnail","hentry"],"acf":[],"_links":{"self":[{"href":"https:\/\/north-cape.no\/fi\/wp-json\/wp\/v2\/pages\/516","targetHints":{"allow":["GET"]}}],"collection":[{"href":"https:\/\/north-cape.no\/fi\/wp-json\/wp\/v2\/pages"}],"about":[{"href":"https:\/\/north-cape.no\/fi\/wp-json\/wp\/v2\/types\/page"}],"author":[{"embeddable":true,"href":"https:\/\/north-cape.no\/fi\/wp-json\/wp\/v2\/users\/1"}],"replies":[{"embeddable":true,"href":"https:\/\/north-cape.no\/fi\/wp-json\/wp\/v2\/comments?post=516"}],"version-history":[{"count":0,"href":"https:\/\/north-cape.no\/fi\/wp-json\/wp\/v2\/pages\/516\/revisions"}],"wp:featuredmedia":[{"embeddable":true,"href":"https:\/\/north-cape.no\/fi\/wp-json\/wp\/v2\/media\/519"}],"wp:attachment":[{"href":"https:\/\/north-cape.no\/fi\/wp-json\/wp\/v2\/media?parent=516"}],"curies":[{"name":"wp","href":"https:\/\/api.w.org\/{rel}","templated":true}]}}