{"id":373,"date":"2025-09-30T14:58:28","date_gmt":"2025-09-30T12:58:28","guid":{"rendered":"https:\/\/north-cape.no\/a-propos\/"},"modified":"2025-10-06T11:13:57","modified_gmt":"2025-10-06T09:13:57","slug":"a-propos","status":"publish","type":"page","link":"https:\/\/north-cape.no\/fr\/a-propos\/","title":{"rendered":"\u00c0 propos"},"content":{"rendered":"<p>Vous nous trouverez \u00e0 l&rsquo;adresse <a href=\"https:\/\/maps.app.goo.gl\/TFWdMkVwREr3z14N8\" target=\"_blank\" rel=\"noopener\">Repv\u00e5g 5, 9768 Repv\u00e5g<\/a><\/p>\n<p><iframe src=\"https:\/\/www.google.com\/maps\/embed?pb=!1m14!1m8!1m3!1d21056.0798775109!2d25.6213692!3d70.7408851!3m2!1i1024!2i768!4f13.1!3m3!1m2!1s0xa8aa33c792fb7e7b%3A0xe6422cadb5c8f4c5!2sNorth%20Cape%20Accommondation!5e0!3m2!1sno!2sno!4v1759237154829!5m2!1sno!2sno\" width=\"600\" height=\"450\" style=\"border:0;\" allowfullscreen=\"\" loading=\"lazy\" referrerpolicy=\"no-referrer-when-downgrade\"><\/iframe><\/p>\n","protected":false},"excerpt":{"rendered":"<p>Vous nous trouverez \u00e0 l&rsquo;adresse Repv\u00e5g 5, 9768 Repv\u00e5g<\/p>\n","protected":false},"author":1,"featured_media":374,"parent":0,"menu_order":0,"comment_status":"closed","ping_status":"closed","template":"","meta":{"_acf_changed":false,"footnotes":""},"class_list":["post-373","page","type-page","status-publish","has-post-thumbnail","hentry"],"acf":[],"_links":{"self":[{"href":"https:\/\/north-cape.no\/fr\/wp-json\/wp\/v2\/pages\/373","targetHints":{"allow":["GET"]}}],"collection":[{"href":"https:\/\/north-cape.no\/fr\/wp-json\/wp\/v2\/pages"}],"about":[{"href":"https:\/\/north-cape.no\/fr\/wp-json\/wp\/v2\/types\/page"}],"author":[{"embeddable":true,"href":"https:\/\/north-cape.no\/fr\/wp-json\/wp\/v2\/users\/1"}],"replies":[{"embeddable":true,"href":"https:\/\/north-cape.no\/fr\/wp-json\/wp\/v2\/comments?post=373"}],"version-history":[{"count":1,"href":"https:\/\/north-cape.no\/fr\/wp-json\/wp\/v2\/pages\/373\/revisions"}],"predecessor-version":[{"id":380,"href":"https:\/\/north-cape.no\/fr\/wp-json\/wp\/v2\/pages\/373\/revisions\/380"}],"wp:featuredmedia":[{"embeddable":true,"href":"https:\/\/north-cape.no\/fr\/wp-json\/wp\/v2\/media\/374"}],"wp:attachment":[{"href":"https:\/\/north-cape.no\/fr\/wp-json\/wp\/v2\/media?parent=373"}],"curies":[{"name":"wp","href":"https:\/\/api.w.org\/{rel}","templated":true}]}}