{"id":526,"date":"2025-09-25T15:59:44","date_gmt":"2025-09-25T13:59:44","guid":{"rendered":"https:\/\/north-cape.no\/politique-de-confidentialite\/"},"modified":"2025-09-25T15:59:44","modified_gmt":"2025-09-25T13:59:44","slug":"politique-de-confidentialite","status":"publish","type":"page","link":"https:\/\/north-cape.no\/fr\/politique-de-confidentialite\/","title":{"rendered":"Politique de confidentialit\u00e9"},"content":{"rendered":"<p>Voici comment nous traitons vos donn\u00e9es et g\u00e9rons la confidentialit\u00e9.<\/p>\n<p><strong>Formulaires de contact<\/strong><br \/>\nLorsque vous remplissez un formulaire de contact, les informations que vous avez saisies ainsi que votre adresse IP seront stock\u00e9es dans notre base de donn\u00e9es et nous seront automatiquement envoy\u00e9es par e-mail. Votre adresse IP ne sera pas incluse dans l&rsquo;e-mail. <\/p>\n<p><strong>Contenu int\u00e9gr\u00e9 d&rsquo;autres sites web<\/strong><br \/>\nLes articles sur ce site peuvent inclure du contenu int\u00e9gr\u00e9 (par exemple des vid\u00e9os, des images, des articles, etc.). Le contenu int\u00e9gr\u00e9 provenant d&rsquo;autres sites web se comporte exactement de la m\u00eame mani\u00e8re que si le visiteur avait visit\u00e9 le site web d&rsquo;origine. Ces sites web peuvent collecter des donn\u00e9es vous concernant, utiliser des cookies, int\u00e9grer des syst\u00e8mes de suivi tiers et surveiller votre interaction avec ce contenu int\u00e9gr\u00e9. Cela inclut le suivi de vos actions via le contenu int\u00e9gr\u00e9 si vous avez un compte et \u00eates connect\u00e9 sur leur site.   <\/p>\n<p><strong>Google Analytics<\/strong><br \/>\nNous utilisons Google Analytics pour voir comment les utilisateurs utilisent notre site web. Votre adresse IP est pseudo-anonymis\u00e9e afin que vous ne puissiez pas \u00eatre identifi\u00e9 en tant qu&rsquo;individu. <\/p>\n<p>&nbsp;<\/p>\n<h3>Avec qui nous partageons vos informations<\/h3>\n<p>Vos informations ne sont partag\u00e9es qu&rsquo;avec notre partenaire de d\u00e9veloppement web, et avec personne d&rsquo;autre.<\/p>\n<h3>Dur\u00e9e de conservation de vos informations<\/h3>\n<p><strong>Google Analytics<\/strong><br \/>\nLes donn\u00e9es de Google Analytics sont supprim\u00e9es apr\u00e8s 14 mois, ind\u00e9pendamment de votre activit\u00e9 sur le site.<\/p>\n<p><strong>Suppression des donn\u00e9es<\/strong><br \/>\nSi vous souhaitez que vos informations soient supprim\u00e9es de nos syst\u00e8mes, envoyez-nous un e-mail ou utilisez le formulaire de contact.<\/p>\n<p>&nbsp;<\/p>\n<h2>Politique des cookies<\/h2>\n<div>\n<div class=\"CookieDeclaration\" dir=\"ltr\" lang=\"nb\">\n<p class=\"CookieDeclarationDialogText\">Le site web utilise des cookies. Toutes les informations sont anonymes et sont utilis\u00e9es pour analyser notre trafic et optimiser les publicit\u00e9s. <\/p>\n<p>Ce site web utilise diff\u00e9rents types de cookies, certains \u00e9tant int\u00e9gr\u00e9s par des services tiers qui apparaissent sur nos pages &#8211; par exemple les vid\u00e9os int\u00e9gr\u00e9es. Nous utilisons des cookies pour optimiser les publicit\u00e9s et analyser notre trafic. <\/p>\n<p>Les cookies sont de petits fichiers texte qui facilitent l&rsquo;utilisation du site web. Ce n&rsquo;est ni un programme ni un virus. Les cookies peuvent \u00eatre facilement supprim\u00e9s ou d\u00e9sactiv\u00e9s dans votre navigateur via les param\u00e8tres.  <\/p>\n<\/div>\n<\/div>\n<style>\n    a.cky-banner-element {<br \/>        padding: 8px 30px;<br \/>        background: #F8F9FA;<br \/>        color: #858A8F;<br \/>        border: 1px solid #DEE2E6;<br \/>        box-sizing: border-box;<br \/>        border-radius: 2px;<br \/>        cursor: pointer;<br \/>}<br \/><\/style>\n<h2>Nous utilisons ces cookies<\/h2>\n<div class=\"cky-audit-table-element\"><\/div>\n<p>&nbsp;<\/p>\n<h2>Comment refuser ou supprimer vos cookies<\/h2>\n<p>Vous pouvez <span style=\"text-decoration: underline;\"><br \/>\n  <strong><br \/>\n    <a class=\"cky-banner-element\">modifier vos param\u00e8tres de cookies \u00e0 tout moment en cliquant ici<\/a><br \/>\n  <\/strong><br \/>\n<\/span>. La banni\u00e8re r\u00e9appara\u00eetra et vous pourrez modifier les param\u00e8tres ou retirer votre consentement. <\/p>\n<h3>Refus des cookies :<\/h3>\n<p>Vous pouvez toujours refuser les cookies sur votre PC en modifiant les param\u00e8tres de votre navigateur Internet. L&#8217;emplacement de ces param\u00e8tres d\u00e9pend du navigateur que vous utilisez. Veuillez noter que si vous le faites, de nombreuses fonctions et services ne seront pas utilisables car ces fonctions et services n\u00e9cessitent que le site web puisse m\u00e9moriser vos choix.  <\/p>\n<p>Vous pouvez choisir quels r\u00e9seaux publicitaires ne doivent pas partager vos donn\u00e9es personnelles entre diff\u00e9rents r\u00e9seaux <a href=\"http:\/\/www.youronlinechoices.com\/nor\/dine-valg\" target=\"_blank\" rel=\"noopener noreferrer\">en cliquant ici<\/a>.<\/p>\n<h3>Suppression des cookies :<\/h3>\n<p>Les cookies que vous avez pr\u00e9c\u00e9demment accept\u00e9s peuvent \u00eatre facilement supprim\u00e9s. Si vous utilisez un PC avec un navigateur Internet r\u00e9cent, vous pouvez supprimer vos cookies en utilisant les touches de raccourci : CTRL + SHIFT + Supprimer. Si celles-ci ne fonctionnent pas, et\/ou si vous utilisez un MAC, vous devez d&rsquo;abord identifier votre navigateur puis cliquer sur le lien correspondant ci-dessous :  <\/p>\n<ul>\n<li><a href=\"https:\/\/support.microsoft.com\/nb-no\/windows\/slette-og-administrere-informasjonskapsler-168dab11-0753-043d-7c16-ede5947fc64d\" target=\"_blank\" rel=\"noopener noreferrer\">Internet Explorer<\/a><\/li>\n<li><a href=\"https:\/\/support.mozilla.org\/da\/kb\/slet-cookies-fjerne-oplysninger-fra-websteder?redirectslug=slet-cookies-fjerne-oplysninger-som-websteder-har-&amp;redirectlocale=da\" target=\"_blank\" rel=\"noopener noreferrer\">Mozilla Firefox<\/a><\/li>\n<li><a href=\"https:\/\/support.google.com\/chrome\/answer\/95647?hl=da\" target=\"_blank\" rel=\"noopener noreferrer\">Google Chrome<\/a><\/li>\n<li><a href=\"https:\/\/help.opera.com\/en\/latest\/web-preferences\/\" target=\"_blank\" rel=\"noopener noreferrer\">Opera<\/a><\/li>\n<li><a href=\"https:\/\/support.apple.com\/da-dk\/HT1677\" target=\"_blank\" rel=\"noopener noreferrer\">Safari<\/a><\/li>\n<li><a href=\"http:\/\/www.macromedia.com\/support\/documentation\/en\/flashplayer\/help\/settings_manager07.html\" target=\"_blank\" rel=\"noopener noreferrer\">Flash cookies<\/a><\/li>\n<li><a href=\"https:\/\/support.apple.com\/da-dk\/HT201265\" target=\"_blank\" rel=\"noopener noreferrer\">Apple<\/a><\/li>\n<li><a href=\"https:\/\/timeread.hubpages.com\/hub\/How-to-delete-internet-cookies-on-your-Droid-or-any-Android-device\" target=\"_blank\" rel=\"noopener noreferrer\">Android<\/a><\/li>\n<li><a href=\"https:\/\/support.microsoft.com\/nb-no\/windows\/windows-phone-7-3ebc303c-59c0-d367-3995-f258b184fabb\" target=\"_blank\" rel=\"noopener noreferrer\">Windows 7<\/a><\/li>\n<\/ul>\n<p>N&rsquo;oubliez pas : Si vous utilisez plusieurs navigateurs Internet, vous devez supprimer les cookies dans chacun d&rsquo;entre eux.<\/p>\n","protected":false},"excerpt":{"rendered":"<p>Voici comment nous traitons vos donn\u00e9es et g\u00e9rons la confidentialit\u00e9. Formulaires de contact Lorsque vous remplissez un formulaire de contact, les informations que vous avez saisies ainsi que votre adresse IP seront stock\u00e9es dans notre base de donn\u00e9es et nous seront automatiquement envoy\u00e9es par e-mail. Votre adresse IP ne sera pas incluse dans l&rsquo;e-mail. Contenu [&hellip;]<\/p>\n","protected":false},"author":1,"featured_media":0,"parent":0,"menu_order":0,"comment_status":"closed","ping_status":"open","template":"","meta":{"_acf_changed":false,"footnotes":""},"class_list":["post-526","page","type-page","status-publish","hentry"],"acf":[],"_links":{"self":[{"href":"https:\/\/north-cape.no\/fr\/wp-json\/wp\/v2\/pages\/526","targetHints":{"allow":["GET"]}}],"collection":[{"href":"https:\/\/north-cape.no\/fr\/wp-json\/wp\/v2\/pages"}],"about":[{"href":"https:\/\/north-cape.no\/fr\/wp-json\/wp\/v2\/types\/page"}],"author":[{"embeddable":true,"href":"https:\/\/north-cape.no\/fr\/wp-json\/wp\/v2\/users\/1"}],"replies":[{"embeddable":true,"href":"https:\/\/north-cape.no\/fr\/wp-json\/wp\/v2\/comments?post=526"}],"version-history":[{"count":0,"href":"https:\/\/north-cape.no\/fr\/wp-json\/wp\/v2\/pages\/526\/revisions"}],"wp:attachment":[{"href":"https:\/\/north-cape.no\/fr\/wp-json\/wp\/v2\/media?parent=526"}],"curies":[{"name":"wp","href":"https:\/\/api.w.org\/{rel}","templated":true}]}}