{"id":537,"date":"2025-09-26T12:12:59","date_gmt":"2025-09-26T10:12:59","guid":{"rendered":"https:\/\/north-cape.no\/north-cape-accommodation\/"},"modified":"2025-09-26T12:12:59","modified_gmt":"2025-09-26T10:12:59","slug":"north-cape-accommodation","status":"publish","type":"page","link":"https:\/\/north-cape.no\/fr\/","title":{"rendered":"North Cape Accommodation"},"content":{"rendered":"<p>Nous g\u00e9rons des emplacements de nuit pour camping-cars, la location de chalets, chambres et appartements. Nous n&rsquo;avons aucune possibilit\u00e9 pour les tentes et caravanes. <\/p>\n<p>Repv\u00e5g est le nom du village situ\u00e9 au milieu d&rsquo;une nature magnifique avec de beaux domaines de randonn\u00e9e dans un environnement paisible et sa propre plage pour un plongeon rafra\u00eechissant.<\/p>\n<h3>H\u00e9bergement au Cap Nord<\/h3>\n<p>C&rsquo;est le lieu d&rsquo;h\u00e9bergement naturel pour vous qui allez visiter le Cap Nord.<\/p>\n<p>D\u00e9posez vos bagages et partez en excursions d&rsquo;une journ\u00e9e dans la commune et faites ce que vous devez faire, vous aurez ainsi \u00e9conomis\u00e9 2 heures de conduite pour le voyage que vous devez poursuivre le jour du d\u00e9part.<\/p>\n<h3>Kiosque avec vente<\/h3>\n<p>Kiosque avec vente de glaces, sodas, chips, confiseries et divers aliments, plats pr\u00e9par\u00e9s surgel\u00e9s et produits secs, nous n&rsquo;avons pas de restaurant, mais de bonnes possibilit\u00e9s de cuisine dans toutes les unit\u00e9s et cuisine commune.<\/p>\n<h3>Note \u00e9lev\u00e9e<\/h3>\n<p>Nous avons termin\u00e9 notre collaboration avec Booking.com o\u00f9 nous avions 8,7 points d&rsquo;\u00e9valuation client, maintenant nous n&rsquo;acceptons que les r\u00e9servations directes via notre propre site web et souhaitons la bienvenue \u00e0 tous chez nous.<\/p>\n","protected":false},"excerpt":{"rendered":"<p>North Cape Accommodation se trouve dans la commune de Nordkapp et est situ\u00e9 au milieu du fjord de Porsanger.<\/p>\n","protected":false},"author":1,"featured_media":538,"parent":0,"menu_order":0,"comment_status":"closed","ping_status":"closed","template":"","meta":{"_acf_changed":false,"footnotes":""},"class_list":["post-537","page","type-page","status-publish","has-post-thumbnail","hentry"],"acf":[],"_links":{"self":[{"href":"https:\/\/north-cape.no\/fr\/wp-json\/wp\/v2\/pages\/537","targetHints":{"allow":["GET"]}}],"collection":[{"href":"https:\/\/north-cape.no\/fr\/wp-json\/wp\/v2\/pages"}],"about":[{"href":"https:\/\/north-cape.no\/fr\/wp-json\/wp\/v2\/types\/page"}],"author":[{"embeddable":true,"href":"https:\/\/north-cape.no\/fr\/wp-json\/wp\/v2\/users\/1"}],"replies":[{"embeddable":true,"href":"https:\/\/north-cape.no\/fr\/wp-json\/wp\/v2\/comments?post=537"}],"version-history":[{"count":0,"href":"https:\/\/north-cape.no\/fr\/wp-json\/wp\/v2\/pages\/537\/revisions"}],"wp:featuredmedia":[{"embeddable":true,"href":"https:\/\/north-cape.no\/fr\/wp-json\/wp\/v2\/media\/538"}],"wp:attachment":[{"href":"https:\/\/north-cape.no\/fr\/wp-json\/wp\/v2\/media?parent=537"}],"curies":[{"name":"wp","href":"https:\/\/api.w.org\/{rel}","templated":true}]}}